{"id":1617,"date":"2023-03-29T16:05:51","date_gmt":"2023-03-29T21:05:51","guid":{"rendered":"https:\/\/gamboaprefabricados.com\/?page_id=1617"},"modified":"2023-03-29T22:07:47","modified_gmt":"2023-03-30T03:07:47","slug":"materiales","status":"publish","type":"page","link":"https:\/\/gamboaprefabricados.com\/index.php\/materiales\/","title":{"rendered":"Materiales"},"content":{"rendered":"<p>[vc_row fullwidth=&#8221;yes&#8221; parallax_bg=&#8221;true&#8221; parallax=&#8221;&#8221; el_class=&#8221;full-height&#8221; css=&#8221;.vc_custom_1680145378116{background-image: url(http:\/\/gamboaprefabricados.com\/wp-content\/uploads\/2023\/03\/Vaciada-fondo-2.jpg?id=1713) !important;}&#8221;][vc_column]\n\t<div class=\"de-video-container\">\n\t\t<div class=\"de-video-content\">\n            <div class=\"text-center\">\n                <div class=\"text-slider med-text border-deco\">\n                \t                    <span class=\"text-item\">Concreto<span class=\"id-color\">.<\/span><\/span>\n                                        <span class=\"text-item\">La roca artificial<span class=\"id-color\">.<\/span><\/span>\n                                        <span class=\"text-item\">El material de nuestros productos<span class=\"id-color\">.<\/span><\/span>\n                                    <\/div>\n                <div class=\"spacer-single\"><\/div>\n            <\/div>\n        <\/div>\n        <div class=\"de-video-overlay\"><\/div>\n        <video autoplay=\"\" loop=\"\" muted=\"\">\n            <source src=\"http:\/\/gamboaprefabricados.com\/wp-content\/uploads\/2023\/03\/Vaciada-convencional.mp4\" type=\"video\/mp4\" \/>\n        <\/video>\n\n    <\/div>\n        <a href=\"#iconbox\" class=\"scroll-to\">\n        <span class=\"mouse fadeScroll relative\" data-scroll-speed=\"2\">\n            <span class=\"scroll\"><\/span>\n        <\/span>\n    <\/a>\n        \t\n[\/vc_column][\/vc_row][vc_row equal_height=&#8221;yes&#8221; content_placement=&#8221;middle&#8221; fullwidth=&#8221;yes&#8221; css=&#8221;.vc_custom_1481614324254{padding-top: 0px !important;padding-bottom: 0px !important;}&#8221;][vc_column offset=&#8221;vc_col-md-6&#8243; el_class=&#8221;padd70&#8243;][vc_column_text css=&#8221;.vc_custom_1680143361725{margin-bottom: 30px !important;}&#8221;]El concreto (del\u00a0lat\u00edn <em>concr\u0113tus<\/em>, \u00abagregado, condensado\u00bb), tambi\u00e9n conocido como hormig\u00f3n\u200b (del lat\u00edn <em>formic\u014d<\/em>, \u00abmoldeado, conformado\u00bb), es en la actualidad uno de los materiales m\u00e1s ampliamente usados en la construcci\u00f3n alrededor del mundo. Y es el concreto, la roca artificial, el material con el que trabajamos para elaborar elementos a medida aprovechando su versatilidad y sus destacadas caracter\u00edsticas como elevada resistencia mec\u00e1nica, larga duraci\u00f3n, bajos requerimientos de mantenimiento y buena resistencia al fuego. Adicionalmente, fabricarlo requiere consumos energ\u00e9ticos relativamente bajos y como la mayor\u00eda de sus componentes se encuentran f\u00e1cilmente en casi cualquier regi\u00f3n, requieren poco transporte; por esto el concreto es m\u00e1s econ\u00f3mico y con una huella de carbono menor a la de otros materiales de construcci\u00f3n.<\/p>\n<p>&nbsp;<\/p>\n<p>El concreto hidr\u00e1ulico es un material compuesto que se obtiene por la mezcla de cemento, agua, \u00e1ridos y aditivos, creando una pasta maleable que por reacciones qu\u00edmico-f\u00edsicas se endurece hasta transformarse en un material de consistencia p\u00e9trea. Como es t\u00edpico en los materiales compuestos, se pueden obtener concretos de muy diferentes propiedades mediante la modificaci\u00f3n de las caracter\u00edsticas, proporciones y procedimientos de aplicaci\u00f3n de los componentes utilizados para su elaboraci\u00f3n. En Gamboa Prefabricados Arquitect\u00f3nicos usamos distintos tipos de concretos, con lo cual logramos ajustar nuestros productos a una amplia variedad de aplicaciones.<\/p>\n<p>&nbsp;<\/p>\n<ul>\n<li><a href=\"#convencional\"><strong>Concreto Convencional<\/strong><\/a>: Las tradicionales ventajas del concreto hidr\u00e1ulico aprovechadas mediante las t\u00e9cnicas de prefabricaci\u00f3n.<\/li>\n<\/ul>\n<p>&nbsp;<\/p>\n<ul>\n<li><a href=\"#liviano\"><strong>Concretos Livianos<\/strong><\/a>: Concretos especiales utilizados en aplicaciones en las que es importante reducir los pesos muertos sobre las estructuras.<\/li>\n<\/ul>\n<p>&nbsp;<\/p>\n<ul>\n<li><a href=\"#hpc\"><strong>Concretos de Alta Resistencia y UHPC<\/strong><\/a>: Concretos con tecnolog\u00eda de punta y desempe\u00f1o superior para aplicaciones de alta exigencia.<\/li>\n<\/ul>\n<p>&nbsp;<\/p>\n<ul>\n<li><a href=\"#terrazo\"><strong>Terrazo<\/strong><\/a>: Una variaci\u00f3n espec\u00edfica del concreto con grandes ventajas arquitect\u00f3nicas.<\/li>\n<\/ul>\n<h4 id=\"convencional\"><\/h4>\n<p>[\/vc_column_text][\/vc_column][vc_column css=&#8221;.vc_custom_1680123690787{background-image: url(http:\/\/gamboaprefabricados.com\/wp-content\/uploads\/2023\/03\/Vertido-convencional.jpeg?id=1705) !important;background-position: center !important;background-repeat: no-repeat !important;background-size: cover !important;}&#8221; offset=&#8221;vc_col-md-6&#8243;][\/vc_column][\/vc_row][vc_row][vc_column width=&#8221;1\/3&#8243;][vc_single_image image=&#8221;1696&#8243; img_size=&#8221;full&#8221; css=&#8221;.vc_custom_1680145573330{padding-bottom: 10px !important;}&#8221;][\/vc_column][vc_column width=&#8221;2\/3&#8243;][vc_column_text]<\/p>\n<h3><strong>Concreto Convencional <\/strong><span class=\"tiny-border\">x<\/span><\/h3>\n<p>Los concretos convencionales alcanzan resistencias a la compresi\u00f3n t\u00edpicas entre 2.500 y 5.500 psi (entre 17 y 40 MPa) y suelen usarse con refuerzo armado en acero para aumentar su resistencia a la flexi\u00f3n. Al dise\u00f1ar su mezcla se incluyen agregados de diferente granulometr\u00eda, algunos finos (arenas) y otros mayores (gravas), y relaciones agua a cemento (A\/C) altas, de hasta 0.6.<\/p>\n<p>Sus caracter\u00edsticas permiten cubrir muchos de los requerimientos comunes de los elementos prefabricados, por lo que pueden ser utilizados en diversas aplicaciones para obras y edificaciones de todo tipo, en donde la pr\u00e1ctica ha demostrado que el uso de t\u00e9cnicas de prefabricaci\u00f3n brinda unas posibilidades arquitect\u00f3nicas muy interesantes debido a la mayor calidad de acabado y m\u00faltiples alternativas de formas, texturas y colores que muy dif\u00edcilmente se pueden obtener con fabricaciones de concreto in situ.<\/p>\n<h6 id=\"liviano\"><\/h6>\n<p>[\/vc_column_text][\/vc_column][\/vc_row][vc_row css=&#8221;.vc_custom_1679762866736{padding-top: 0px !important;padding-bottom: 0px !important;}&#8221;][vc_column width=&#8221;2\/3&#8243;][vc_column_text]<\/p>\n<h3><strong>Concreto Liviano <\/strong><span class=\"tiny-border\">x<\/span><\/h3>\n<p>Los concretos livianos son un conjunto de materiales en los cuales se utilizan diferentes t\u00e9cnicas de fabricaci\u00f3n para obtener materiales cement\u00edticos pero con densidades significativamente inferiores a los concretos convencionales. En Gamboa Prefabricados Arquitect\u00f3nicos trabajamos con dos tipos de concretos livianos: un grupo en el que se sustituyen agregados p\u00e9treos por otros m\u00e1s livianos, por ejemplo poliestireno expandido (EPS, o icopor, como es conocido en Colombia) y otro grupo en el que se utilizan espumantes para obtener concretos \u201cporosos\u201d. Hay que considerar que esta reducci\u00f3n de peso implica una reducci\u00f3n de la resistencia del concreto, por lo que estos materiales se usan para aplicaciones en donde los requerimientos mec\u00e1nicos no sean extremos.<\/p>\n<h6 id=\"hpc\"><\/h6>\n<p>[\/vc_column_text][\/vc_column][vc_column width=&#8221;1\/3&#8243;][vc_single_image image=&#8221;1671&#8243; img_size=&#8221;full&#8221;][\/vc_column][\/vc_row][vc_row css=&#8221;.vc_custom_1679927350316{margin-bottom: 0px !important;border-bottom-width: 0px !important;padding-bottom: 0px !important;}&#8221;][vc_column width=&#8221;1\/2&#8243; css=&#8221;.vc_custom_1680145600017{padding-bottom: 20px !important;}&#8221;][vc_column_text]<\/p>\n<h3><strong>Concreto de Alta Resistencia &#8211; HPC <\/strong><span class=\"tiny-border\">x<\/span><\/h3>\n<p>Los concretos de alta resistencia (en ingl\u00e9s High Performance Concrete \u2013 HPC) alcanzan resistencias a la compresi\u00f3n de 6.000 psi (50 MPa) hasta 16.000 psi (110 MPa), para lo cual se usan solo \u00e1ridos finos dado que tienen mayor superficie espec\u00edfica. As\u00ed, durante la fabricaci\u00f3n de estos materiales se realiza un control riguroso de la granulometr\u00eda de los agregados junto con un aumento en las cantidades de cemento portland por metro c\u00fabico de concreto (con respecto a los concretos convencionales) y una incorporaci\u00f3n de cementantes adicionales (como humo de s\u00edlice o carbonato de calcio, por ejemplo). Tambi\u00e9n requieren una reducci\u00f3n importante de la relaci\u00f3n A\/C, llegando a valores de entre 0.2 y 0.35, lo cual implica el uso de plastificantes de alto rango para poder tener una pasta trabajable; el uso adecuado de los aditivos suele concederle a estos concretos un comportamiento autocompactante.<\/p>\n<p>&nbsp;<\/p>\n<p>Los HPC ofrecen una matriz suficientemente resistente como para permitir un uso eficiente de refuerzo en forma de fibras dispersas, las cuales pueden ser de diferentes materiales (met\u00e1licas, polim\u00e9ricas o cer\u00e1micas). Presentan tambi\u00e9n una menor absorci\u00f3n y mayor resistencia a la penetraci\u00f3n de ion cloruro que un concreto convencional. Estas caracter\u00edsticas permiten obtener elementos de concreto inmunes a la corrosi\u00f3n, perfectos para ser empleados en ambientes agresivos como los costeros, superando por mucho la duraci\u00f3n promedio de elementos fabricados en concreto convencional. Tambi\u00e9n tienen mejoras en propiedades no mec\u00e1nicas, como la durabilidad y la capacidad de copiar detalladamente los moldes debido a su matriz fina, lo cual incrementa las posibilidades est\u00e9ticas de los elementos fabricados con estos materiales.[\/vc_column_text][\/vc_column][vc_column width=&#8221;1\/2&#8243; css=&#8221;.vc_custom_1680145624348{padding-bottom: 20px !important;}&#8221;][vc_column_text]<\/p>\n<h3><strong>Concreto de Ultra Alto Desempe\u00f1o &#8211; UHPC <\/strong><span class=\"tiny-border\">x<\/span><\/h3>\n<p>Se suelen incluir en la categor\u00eda de Concretos de Ultra Alto Desempe\u00f1o (en ingl\u00e9s Ultra High Performance Concrete \u2013 UHPC) a los concretos que\u00a0alcanzan resistencias a la compresi\u00f3n superiores a 17.500 psi (120 MPa), aunque sus caracter\u00edsticas relevantes van m\u00e1s all\u00e1 de este muy alto valor, pues tambi\u00e9n se caracterizan por tener un elevado m\u00f3dulo de elasticidad y altas tenacidad, ductilidad y durabilidad comparados con un concreto normal. Para lograr estas caracter\u00edsticas, se adicionan a la mezcla materiales con part\u00edculas muy peque\u00f1as, del orden de los nan\u00f3metros (nano s\u00edlice o cenizas volantes, por ejemplo), que llenan los espacios microsc\u00f3picos de la matriz del concreto bloqueando la red de capilares. La adici\u00f3n de nanopart\u00edculas permite tambi\u00e9n la ocurrencia de otros fen\u00f3menos f\u00edsico qu\u00edmicos que reducen la zona de transici\u00f3n entre los granos de agregado y la pasta cementicia, lo cual aporta significativamente al comportamiento mejorado de estos concretos.<\/p>\n<p>&nbsp;<\/p>\n<p>El punto negativo de estas tecnolog\u00edas es el costo final del producto a pesar de que se han desarrollado investigaciones para sustituir los componentes m\u00e1s costosos; los concretos de este tipo requieren mayores cantidades de cemento portland por metro c\u00fabico que el utilizado para concretos convencionales y HPC, mayores cantidades de aditivos (plastificantes de alto grado) para permitir trabajabilidad de la pasta usando relaciones de A\/C menores a 0.2 y significativas cantidades de los materiales (a\u00fan costosos) que aportan micro part\u00edculas. La reducci\u00f3n de las secciones necesarias para soportar una solicitaci\u00f3n mec\u00e1nica dada y la gran duraci\u00f3n de los elementos fabricados con UHPC pueden llegar a compensar en buena medida los sobrecostos de utilizar este material.<\/p>\n<h6 id=\"terrazo\"><\/h6>\n<p>[\/vc_column_text][\/vc_column][\/vc_row][vc_row css=&#8221;.vc_custom_1679927403992{margin-top: 0px !important;border-top-width: 0px !important;padding-top: 0px !important;}&#8221;][vc_column css=&#8221;.vc_custom_1679927529912{margin-top: 30px !important;border-top-width: 0px !important;padding-top: 0px !important;}&#8221;][vc_single_image image=&#8221;1670&#8243; img_size=&#8221;full&#8221; alignment=&#8221;center&#8221; css=&#8221;.vc_custom_1679927334872{margin-top: 0px !important;padding-top: 0px !important;}&#8221;][\/vc_column][\/vc_row][vc_row][vc_column width=&#8221;1\/3&#8243;][vc_single_image image=&#8221;1697&#8243; img_size=&#8221;full&#8221; css=&#8221;.vc_custom_1680145663689{padding-bottom: 10px !important;}&#8221;][\/vc_column][vc_column width=&#8221;2\/3&#8243;][vc_column_text]<\/p>\n<h3><strong>Terrazo <\/strong><span class=\"tiny-border\">x<\/span><\/h3>\n<p>Al igual que un concreto convencional, el terrazo es un material compuesto obtenido al mezclar \u00e1ridos finos y gruesos con cemento, agua y algunos aditivos. La diferencia radica en el tipo de agregados utilizados: en el terrazo se usan guijarros de m\u00e1rmol (aunque tambi\u00e9n se pueden usar otros materiales) y se reemplazan total o parcialmente los \u00e1ridos finos sil\u00edceos (arenas) por \u00e1ridos calc\u00e1reos. Adicionalmente, despu\u00e9s de fabricado se aplica alg\u00fan procedimiento que permita exponer esos agregados, normalmente por abrasi\u00f3n mec\u00e1nica, para aprovechar las altas prestaciones est\u00e9ticas del m\u00e1rmol.<\/p>\n<p>El terrazo se usa hace muchos siglos, tanto en interiores como en exteriores, debido a su gran valor est\u00e9tico, variedad de dise\u00f1o, bajo costo comparado con los enchapes de piedras naturales, durabilidad y facilidad de mantenimiento.<\/p>\n<p>Su principal inconveniente radica en la cantidad de residuos particulados (polvo o lodos) que se generan durante el decapado de acabado. Por ello, las opciones prefabricadas son una excelente alternativa para habilitar el uso de este material.[\/vc_column_text][\/vc_column][\/vc_row][vc_row el_class=&#8221;bg-color&#8221; css=&#8221;.vc_custom_1678579849098{padding-top: 20px !important;padding-bottom: 20px !important;}&#8221;][vc_column]\n\t<div class=\"row call-to-action \">\n\t\t<div class=\"col-md-8\">\n\t        <h3 class=\"mt10\">\u00bfBuscas asesor\u00eda para el desarrollo de prefabricados en concretos especiales?<\/h3>\n\t    <\/div>\n\t    <div class=\"col-md-4 text-right\">\n\t    \t<a class=\"btn btn-line-black btn-fx\" href=\"https:\/\/gamboaprefabricados.com\/index.php\/contactanos\/\" target=\"_self\">Cont\u00e1ctanos<\/a>\t    <\/div>\n    <\/div>\n\n[\/vc_column][\/vc_row]<\/p>\n","protected":false},"excerpt":{"rendered":"<p>[vc_row fullwidth=&#8221;yes&#8221; parallax_bg=&#8221;true&#8221; parallax=&#8221;&#8221; el_class=&#8221;full-height&#8221; css=&#8221;.vc_custom_1680145378116{background-image: url(http:\/\/gamboaprefabricados.com\/wp-content\/uploads\/2023\/03\/Vaciada-fondo-2.jpg?id=1713) !important;}&#8221;][vc_column][\/vc_column][\/vc_row][vc_row equal_height=&#8221;yes&#8221; content_placement=&#8221;middle&#8221; fullwidth=&#8221;yes&#8221; css=&#8221;.vc_custom_1481614324254{padding-top: 0px !important;padding-bottom: 0px !important;}&#8221;][vc_column offset=&#8221;vc_col-md-6&#8243; el_class=&#8221;padd70&#8243;][vc_column_text css=&#8221;.vc_custom_1680143361725{margin-bottom: 30px !important;}&#8221;]El concreto (del\u00a0lat\u00edn concr\u0113tus, \u00abagregado, condensado\u00bb), tambi\u00e9n conocido como hormig\u00f3n\u200b (del lat\u00edn formic\u014d, \u00abmoldeado, conformado\u00bb), es en la actualidad uno de los materiales m\u00e1s ampliamente usados en la construcci\u00f3n alrededor del mundo. Y es el [&hellip;]<\/p>\n","protected":false},"author":1,"featured_media":0,"parent":0,"menu_order":0,"comment_status":"closed","ping_status":"closed","template":"page-templates\/template-canvas.php","meta":{"om_disable_all_campaigns":false,"_mi_skip_tracking":false,"_monsterinsights_sitenote_active":false,"_monsterinsights_sitenote_note":"","_monsterinsights_sitenote_category":0},"aioseo_notices":[],"_links":{"self":[{"href":"https:\/\/gamboaprefabricados.com\/index.php\/wp-json\/wp\/v2\/pages\/1617"}],"collection":[{"href":"https:\/\/gamboaprefabricados.com\/index.php\/wp-json\/wp\/v2\/pages"}],"about":[{"href":"https:\/\/gamboaprefabricados.com\/index.php\/wp-json\/wp\/v2\/types\/page"}],"author":[{"embeddable":true,"href":"https:\/\/gamboaprefabricados.com\/index.php\/wp-json\/wp\/v2\/users\/1"}],"replies":[{"embeddable":true,"href":"https:\/\/gamboaprefabricados.com\/index.php\/wp-json\/wp\/v2\/comments?post=1617"}],"version-history":[{"count":80,"href":"https:\/\/gamboaprefabricados.com\/index.php\/wp-json\/wp\/v2\/pages\/1617\/revisions"}],"predecessor-version":[{"id":1711,"href":"https:\/\/gamboaprefabricados.com\/index.php\/wp-json\/wp\/v2\/pages\/1617\/revisions\/1711"}],"wp:attachment":[{"href":"https:\/\/gamboaprefabricados.com\/index.php\/wp-json\/wp\/v2\/media?parent=1617"}],"curies":[{"name":"wp","href":"https:\/\/api.w.org\/{rel}","templated":true}]}}