{"id":1543,"date":"2022-09-13T15:00:21","date_gmt":"2022-09-13T20:00:21","guid":{"rendered":"https:\/\/gamboaprefabricados.com\/?page_id=1543"},"modified":"2022-09-13T15:00:21","modified_gmt":"2022-09-13T20:00:21","slug":"nosotros","status":"publish","type":"page","link":"https:\/\/gamboaprefabricados.com\/index.php\/nosotros\/","title":{"rendered":"La empresa"},"content":{"rendered":"<p>[vc_row][vc_column offset=&#8221;vc_col-md-9&#8243; css=&#8221;.vc_custom_1663096983497{padding-bottom: 30px !important;}&#8221;][vc_column_text]M\u00e1s de 70 a\u00f1os de presencia ininterrumpida en el mercado colombiano nos han permitido acumular la experiencia, conocimientos y equipos t\u00e9cnico y humano necesarios para brindar a la industria de la construcci\u00f3n y al p\u00fablico en general productos novedosos y totalmente adaptados a sus requerimientos.<\/p>\n<p>&nbsp;<\/p>\n<p>La planta de producci\u00f3n de GAMBOA PREFABRICADOS ARQUITECTONICOS est\u00e1 situada en el municipio de Sibat\u00e9 (Cundinamarca &#8211; Colombia), desde donde despacha pedidos para el mercado regional y nacional. Los productos de nuestra empresa son utilizados en gran parte del pa\u00eds, gracias a su versatilidad y calidad.[\/vc_column_text][vc_empty_space height=&#8221;40px&#8221;][vc_row_inner css=&#8221;.vc_custom_1481535311301{padding-bottom: 30px !important;}&#8221;][vc_column_inner el_class=&#8221;bg-box padd30&#8243; offset=&#8221;vc_col-md-6&#8243;]\n\t\t<div class=\"feature-box-small-icon \">\n        <span class=\"icon\">\n        \t<i class=\"icon_comment_alt id-color\"><\/i>\n        <\/span>\n        <div class=\"text\">\n            <h3>Nuestra Misi\u00f3n<\/h3>\n            Somos una empresa manufacturera colombiana, proveedora de la industria de la construcci\u00f3n, especializada en la prefabricaci\u00f3n arquitect\u00f3nica en concreto que trabaja para dise\u00f1adores arquitect\u00f3nicos, constructores y usuarios finales a nivel local y nacional, suministr\u00e1ndoles productos y servicios innovadores desarrollados a partir del entendimiento de sus necesidades particulares y garantizando con calidad, lealtad y cumplimiento la total confiabilidad de la organizaci\u00f3n.<\/p>\n<p>        <\/div>\n    <\/div>\n    \n[\/vc_column_inner][vc_column_inner el_class=&#8221;bg-box padd30&#8243; offset=&#8221;vc_col-md-6&#8243;]\n\t\t<div class=\"feature-box-small-icon \">\n        <span class=\"icon\">\n        \t<i class=\"fa fa-thumbs-o-up id-color\"><\/i>\n        <\/span>\n        <div class=\"text\">\n            <h3>Nuestros valores<\/h3>\n            <strong>Innovaci\u00f3n:<\/strong> Consideramos que el desarrollo e implementaci\u00f3n de nuevas tecnolog\u00edas y productos es fundamental para el sostenimiento y desarrollo de la organizaci\u00f3n.<\/p>\n<p><strong>Confiabilidad:<\/strong> Propendemos y esperamos con firmeza y seguridad la total fiabilidad de la organizaci\u00f3n y sus asociados.<\/p>\n<p><strong>Lealtad:<\/strong> Guardamos celosamente la debida gratitud y fidelidad hacia todas las personas u organizaciones con quienes nos relacionamos.        <\/div>\n    <\/div>\n    \n[\/vc_column_inner][\/vc_row_inner][\/vc_column][vc_column offset=&#8221;vc_col-md-3&#8243;][vc_wp_custommenu nav_menu=&#8221;20&#8243;][vc_wp_text]<\/p>\n<div class=\"padding30 text-black\">\n<h4>\u00a1Atenci\u00f3n!<\/h4>\n<p>\u00bfDeseas conocer m\u00e1s sobre las posibilidades de la prefabricaci\u00f3n usando diferentes tipos de concretos?<\/p>\n<div class=\"text-center\"><a class=\"btn btn-line-black btn-fx mt20\" title=\"Cont\u00e1ctanos\" href=\"https:\/\/gamboaprefabricados.com\/index.php\/contactanos\/\">\u00a1Cont\u00e1ctanos!<\/a><\/div>\n<\/div>\n<p>[\/vc_wp_text][\/vc_column][\/vc_row]<\/p>\n","protected":false},"excerpt":{"rendered":"<p>[vc_row][vc_column offset=&#8221;vc_col-md-9&#8243; css=&#8221;.vc_custom_1663096983497{padding-bottom: 30px !important;}&#8221;][vc_column_text]M\u00e1s de 70 a\u00f1os de presencia ininterrumpida en el mercado colombiano nos han permitido acumular la experiencia, conocimientos y equipos t\u00e9cnico y humano necesarios para brindar a la industria de la construcci\u00f3n y al p\u00fablico en general productos novedosos y totalmente adaptados a sus requerimientos. &nbsp; La planta de producci\u00f3n de [&hellip;]<\/p>\n","protected":false},"author":1,"featured_media":0,"parent":0,"menu_order":0,"comment_status":"closed","ping_status":"closed","template":"page-templates\/template-fullwidth.php","meta":{"om_disable_all_campaigns":false,"_mi_skip_tracking":false,"_monsterinsights_sitenote_active":false,"_monsterinsights_sitenote_note":"","_monsterinsights_sitenote_category":0},"aioseo_notices":[],"_links":{"self":[{"href":"https:\/\/gamboaprefabricados.com\/index.php\/wp-json\/wp\/v2\/pages\/1543"}],"collection":[{"href":"https:\/\/gamboaprefabricados.com\/index.php\/wp-json\/wp\/v2\/pages"}],"about":[{"href":"https:\/\/gamboaprefabricados.com\/index.php\/wp-json\/wp\/v2\/types\/page"}],"author":[{"embeddable":true,"href":"https:\/\/gamboaprefabricados.com\/index.php\/wp-json\/wp\/v2\/users\/1"}],"replies":[{"embeddable":true,"href":"https:\/\/gamboaprefabricados.com\/index.php\/wp-json\/wp\/v2\/comments?post=1543"}],"version-history":[{"count":19,"href":"https:\/\/gamboaprefabricados.com\/index.php\/wp-json\/wp\/v2\/pages\/1543\/revisions"}],"predecessor-version":[{"id":1566,"href":"https:\/\/gamboaprefabricados.com\/index.php\/wp-json\/wp\/v2\/pages\/1543\/revisions\/1566"}],"wp:attachment":[{"href":"https:\/\/gamboaprefabricados.com\/index.php\/wp-json\/wp\/v2\/media?parent=1543"}],"curies":[{"name":"wp","href":"https:\/\/api.w.org\/{rel}","templated":true}]}}