{"id":1378,"date":"2022-09-06T19:49:14","date_gmt":"2022-09-07T00:49:14","guid":{"rendered":"https:\/\/gamboaprefabricados.com\/?page_id=1378"},"modified":"2022-09-06T22:16:32","modified_gmt":"2022-09-07T03:16:32","slug":"historia","status":"publish","type":"page","link":"https:\/\/gamboaprefabricados.com\/index.php\/historia\/","title":{"rendered":"Nuestra Historia"},"content":{"rendered":"<p>[vc_row][vc_column offset=&#8221;vc_col-md-9&#8243;][vc_column_text css=&#8221;.vc_custom_1662508855893{margin-bottom: 30px !important;}&#8221;]GAMBOA PREFABRICADOS ARQUITECTONICOS se esfuerza por mantener su esp\u00edritu innovador y por entregar a sus clientes soluciones garantizadas y completamente ajustadas a cada necesidad particular, como lo ha hecho desde sus comienzos.[\/vc_column_text]\t<div class=\"timeline \">\n\t        <div class=\"tl-block wow fadeInUp\" data-wow-delay=\".0s\">\n            <div class=\"tl-time\">\n                <h3>1932<\/h3>\n            <\/div>\n            <div class=\"tl-bar\">\n                <div class=\"tl-line\"><\/div>\n            <\/div>\n            <div class=\"tl-message\">\n                <div class=\"tl-icon\">&nbsp;<\/div>\n                <div class=\"tl-main\">\n                    <h3>Inicios<\/h3>\n                    Campo El\u00edas Gamboa, fundador de la empresa, se establece en el mercado del terrazo y la decoraci\u00f3n en yeso n Bogot\u00e1 tras haber dominado las t\u00e9cnicas disponibles en el momento de la mano de personalidades como el maestro Ram\u00f3n Barba (modelado y moldeado), Pablo D\u00edaz y Raimundo Mora (decoraci\u00f3n de yeso) y Nieto y Bernal (terrazo).  Se trabaja entonces en destacadas obras de la \u00e9poca como el edificio de la Facultad de Arquitectura de la Universidad Nacional, el Seminario Menor Diocesano y los pabellones de la Beneficencia de Cundinamarca.                <\/div>\n            <\/div>\n        <\/div>\n                <div class=\"tl-block wow fadeInUp\" data-wow-delay=\".1s\">\n            <div class=\"tl-time\">\n                <h3>1964<\/h3>\n            <\/div>\n            <div class=\"tl-bar\">\n                <div class=\"tl-line\"><\/div>\n            <\/div>\n            <div class=\"tl-message\">\n                <div class=\"tl-icon\">&nbsp;<\/div>\n                <div class=\"tl-main\">\n                    <h3>Los cambios<\/h3>\n                    Se constituye Campo El\u00edas Gamboa E Hijo y se incursiona en la elaboraci\u00f3n de prefabricados de concreto, participando en muchas importantes etapas del desarrollo urban\u00edstico de Bogot\u00e1 en zonas como El Lago, Normand\u00eda, El Jazm\u00edn y Par\u00eds. La empresa empieza a especializarse en la elaboraci\u00f3n de elementos \u201csobre medida\u201d, car\u00e1cter que mantendr\u00e1 a trav\u00e9s del tiempo. Experimenta intensamente con el uso de concreto y terrazos de colores y se hace reconocida en el mercado local prefabricando elementos de concreto con acabado monol\u00edtico en terrazo.                 <\/div>\n            <\/div>\n        <\/div>\n                <div class=\"tl-block wow fadeInUp\" data-wow-delay=\".2s\">\n            <div class=\"tl-time\">\n                <h3>1985<\/h3>\n            <\/div>\n            <div class=\"tl-bar\">\n                <div class=\"tl-line\"><\/div>\n            <\/div>\n            <div class=\"tl-message\">\n                <div class=\"tl-icon\">&nbsp;<\/div>\n                <div class=\"tl-main\">\n                    <h3>Nuevos tiempos<\/h3>\n                    La empresa se establece como Campo El\u00edas Gamboa Compa\u00f1\u00eda Ltda. y retoma su conocimiento y experiencia en el uso de diversos acabados de construcci\u00f3n para incorporarlos en nuevos procesos. Participa en proyectos que exigen la integraci\u00f3n complementaria de diferentes t\u00e9cnicas y materiales como piedra, yeso, escayola y concreto, exigi\u00e9ndose al trabajar en obras de restauraci\u00f3n arquitect\u00f3nica en la ciudad de Bogot\u00e1 (Capitolio Nacional, Catedral Primada, Museo de Artes y Tradiciones, Palacio San Carlos).                 <\/div>\n            <\/div>\n        <\/div>\n                <div class=\"tl-block wow fadeInUp\" data-wow-delay=\".3s\">\n            <div class=\"tl-time\">\n                <h3>90\u00b4s<\/h3>\n            <\/div>\n            <div class=\"tl-bar\">\n                <div class=\"tl-line\"><\/div>\n            <\/div>\n            <div class=\"tl-message\">\n                <div class=\"tl-icon\">&nbsp;<\/div>\n                <div class=\"tl-main\">\n                    <h3>Exploraci\u00f3n e innovaci\u00f3n<\/h3>\n                    Se trabaja profusamente en fachadas de distintos materiales p\u00e9treos y cement\u00edticos para edificaciones p\u00fablicas y privadas. Se experimenta con el uso de diversas texturas de acabado, se desarrollan nuevos productos prefabricados mediante el uso de concretos livianos y se impulsa el uso de elementos para acabados en lo que para el momento y con los materiales existentes eran \u201cgrandes formatos\u201d (tabletas prefabricadas de hasta 120x100 cm, en 4 cm de espesor). Incursiona en el mercado nacional con proyectos fuera de Bogot\u00e1, principalmente en la costa caribe colombiana (Barranquilla y Santa Marta).                <\/div>\n            <\/div>\n        <\/div>\n                <div class=\"tl-block wow fadeInUp\" data-wow-delay=\".4s\">\n            <div class=\"tl-time\">\n                <h3>2010<\/h3>\n            <\/div>\n            <div class=\"tl-bar\">\n                <div class=\"tl-line\"><\/div>\n            <\/div>\n            <div class=\"tl-message\">\n                <div class=\"tl-icon\">&nbsp;<\/div>\n                <div class=\"tl-main\">\n                    <h3>Renovaci\u00f3n tecnol\u00f3gica<\/h3>\n                    La planta de producci\u00f3n se traslada al municipio de Sibat\u00e9. En la segunda d\u00e9cada de este siglo y de la mano de expertos llegados de Espa\u00f1a, la Empresa irrumpe en la prefabricaci\u00f3n de elementos en concretos de Alta Resistencia y UHPC (Ultra High Performance Concrete). Con ello se multiplican las posibilidades de aplicaci\u00f3n al poder prefabricar elementos m\u00e1s esbeltos, con mayor durabilidad por su mejor resistencia a la abrasi\u00f3n y las sales, de mayores tama\u00f1os y de geometr\u00eda m\u00e1s compleja que los t\u00edpicamente obtenidos con concretos convencionales. La capacidad adicional de obtener elementos sin refuerzo de acero permite aplicaciones novedosas, como las de placa delgada para ambientes altamente corrosivos, como los costeros e industriales.                <\/div>\n            <\/div>\n        <\/div>\n                <div class=\"tl-block wow fadeInUp\" data-wow-delay=\".5s\">\n            <div class=\"tl-time\">\n                <h3>2022<\/h3>\n            <\/div>\n            <div class=\"tl-bar\">\n                <div class=\"tl-line\"><\/div>\n            <\/div>\n            <div class=\"tl-message\">\n                <div class=\"tl-icon\">&nbsp;<\/div>\n                <div class=\"tl-main\">\n                    <h3>Reactivaci\u00f3n<\/h3>\n                    Tras la pausa por la pandemia la empresa incursiona en la fabricaci\u00f3n productos destinados directamente al usuario final, desarrollando un portafolio que incluye elementos de mobiliario, interiorismo y decoraci\u00f3n, aprovechando para ello su experiencia en personalizaci\u00f3n y en el uso de diferentes materiales cementicios con altas posibilidades t\u00e9cnicas y est\u00e9ticas.                 <\/div>\n            <\/div>\n        <\/div>\n            <\/div>\n\n[\/vc_column][vc_column offset=&#8221;vc_col-md-3&#8243;][vc_wp_custommenu nav_menu=&#8221;20&#8243;][vc_wp_text]<\/p>\n<div class=\"padding30 text-black\">\n<h4>\u00a1Atenci\u00f3n!<\/h4>\n<p>Requieres prefabricados especiales en concreto, pero no conoces una empresa que tenga experiencia espec\u00edfica en ello.<\/p>\n<div class=\"text-center\"><a class=\"btn btn-line-black btn-fx mt20\" title=\"Cont\u00e1ctanos\" href=\"https:\/\/gamboaprefabricados.com\/index.php\/contactanos\/\">Cont\u00e1ctanos<\/a><\/div>\n<\/div>\n<p>[\/vc_wp_text][\/vc_column][\/vc_row]<\/p>\n","protected":false},"excerpt":{"rendered":"<p>[vc_row][vc_column offset=&#8221;vc_col-md-9&#8243;][vc_column_text css=&#8221;.vc_custom_1662508855893{margin-bottom: 30px !important;}&#8221;]GAMBOA PREFABRICADOS ARQUITECTONICOS se esfuerza por mantener su esp\u00edritu innovador y por entregar a sus clientes soluciones garantizadas y completamente ajustadas a cada necesidad particular, como lo ha hecho desde sus comienzos.[\/vc_column_text][\/vc_column][vc_column offset=&#8221;vc_col-md-3&#8243;][vc_wp_custommenu nav_menu=&#8221;20&#8243;][vc_wp_text] \u00a1Atenci\u00f3n! Requieres prefabricados especiales en concreto, pero no conoces una empresa que tenga experiencia espec\u00edfica en ello. [&hellip;]<\/p>\n","protected":false},"author":1,"featured_media":0,"parent":0,"menu_order":0,"comment_status":"closed","ping_status":"closed","template":"page-templates\/template-fullwidth.php","meta":{"om_disable_all_campaigns":false,"_mi_skip_tracking":false,"_monsterinsights_sitenote_active":false,"_monsterinsights_sitenote_note":"","_monsterinsights_sitenote_category":0},"aioseo_notices":[],"_links":{"self":[{"href":"https:\/\/gamboaprefabricados.com\/index.php\/wp-json\/wp\/v2\/pages\/1378"}],"collection":[{"href":"https:\/\/gamboaprefabricados.com\/index.php\/wp-json\/wp\/v2\/pages"}],"about":[{"href":"https:\/\/gamboaprefabricados.com\/index.php\/wp-json\/wp\/v2\/types\/page"}],"author":[{"embeddable":true,"href":"https:\/\/gamboaprefabricados.com\/index.php\/wp-json\/wp\/v2\/users\/1"}],"replies":[{"embeddable":true,"href":"https:\/\/gamboaprefabricados.com\/index.php\/wp-json\/wp\/v2\/comments?post=1378"}],"version-history":[{"count":12,"href":"https:\/\/gamboaprefabricados.com\/index.php\/wp-json\/wp\/v2\/pages\/1378\/revisions"}],"predecessor-version":[{"id":1415,"href":"https:\/\/gamboaprefabricados.com\/index.php\/wp-json\/wp\/v2\/pages\/1378\/revisions\/1415"}],"wp:attachment":[{"href":"https:\/\/gamboaprefabricados.com\/index.php\/wp-json\/wp\/v2\/media?parent=1378"}],"curies":[{"name":"wp","href":"https:\/\/api.w.org\/{rel}","templated":true}]}}